{"id":39,"date":"2024-03-18T13:42:16","date_gmt":"2024-03-18T12:42:16","guid":{"rendered":"https:\/\/sac-roadmap.de\/?page_id=12"},"modified":"2024-06-03T08:57:31","modified_gmt":"2024-06-03T06:57:31","slug":"sac-data-analyzer","status":"publish","type":"page","link":"https:\/\/sac-data-analyzer.de\/","title":{"rendered":"SAC Data Analyzer"},"content":{"rendered":"\t\t<div data-elementor-type=\"wp-page\" data-elementor-id=\"39\" class=\"elementor elementor-39\" data-elementor-post-type=\"page\">\n\t\t\t\t<div class=\"elementor-element elementor-element-e7a9138 e-flex e-con-boxed e-con e-parent\" data-id=\"e7a9138\" data-element_type=\"container\">\n\t\t\t\t\t<div class=\"e-con-inner\">\n\t\t\t\t<div class=\"elementor-element elementor-element-0c11f45 elementor-widget elementor-widget-text-editor\" data-id=\"0c11f45\" data-element_type=\"widget\" data-widget_type=\"text-editor.default\">\n\t\t\t\t<div class=\"elementor-widget-container\">\n\t\t\t\t\t\t\t\t\t<h1>Der SAC Data Analyzer &#8211; Professionelle Datenanalysen<\/h1>\t\t\t\t\t\t\t\t<\/div>\n\t\t\t\t<\/div>\n\t\t\t\t<div class=\"elementor-element elementor-element-38762da elementor-widget elementor-widget-text-editor\" data-id=\"38762da\" data-element_type=\"widget\" data-widget_type=\"text-editor.default\">\n\t\t\t\t<div class=\"elementor-widget-container\">\n\t\t\t\t\t\t\t\t\t<p>Der Data Analyzer erm\u00f6glicht es Ad-hoc Datenanalysen durchzuf\u00fchren. Von jeglicher Analyse stehen dem Anwender alle Optionen offen. Mit dem Data Analyzer werden <a href=\"https:\/\/help.sap.com\/docs\/SAP_LUMIRA\/69ab7e78763a4d929126440ab1b7dea1\/30330f0f3c164bc1b8cfb9fcd269948d.html\" target=\"_blank\" rel=\"noopener\">Lumira Discovery<\/a> und auch der <a href=\"https:\/\/community.sap.com\/t5\/technology-blogs-by-sap\/new-data-exploration-experience-in-sap-analytics-cloud\/ba-p\/13509768\" target=\"_blank\" rel=\"noopener\">SAC Data Explorer<\/a> zuk\u00fcnftig als neues Tool abgel\u00f6st.<\/p>\t\t\t\t\t\t\t\t<\/div>\n\t\t\t\t<\/div>\n\t\t\t\t\t<\/div>\n\t\t\t\t<\/div>\n\t\t<div class=\"elementor-element elementor-element-3b61ef1 e-flex e-con-boxed e-con e-parent\" data-id=\"3b61ef1\" data-element_type=\"container\">\n\t\t\t\t\t<div class=\"e-con-inner\">\n\t\t\t\t<div class=\"elementor-element elementor-element-b586450 elementor-widget-divider--view-line elementor-widget elementor-widget-divider\" data-id=\"b586450\" data-element_type=\"widget\" data-widget_type=\"divider.default\">\n\t\t\t\t<div class=\"elementor-widget-container\">\n\t\t\t\t\t\t\t<div class=\"elementor-divider\">\n\t\t\t<span class=\"elementor-divider-separator\">\n\t\t\t\t\t\t<\/span>\n\t\t<\/div>\n\t\t\t\t\t\t<\/div>\n\t\t\t\t<\/div>\n\t\t\t\t\t<\/div>\n\t\t\t\t<\/div>\n\t\t<div class=\"elementor-element elementor-element-2f071c6 e-flex e-con-boxed e-con e-parent\" data-id=\"2f071c6\" data-element_type=\"container\">\n\t\t\t\t\t<div class=\"e-con-inner\">\n\t\t\t\t<div class=\"elementor-element elementor-element-afc6489 elementor-widget elementor-widget-text-editor\" data-id=\"afc6489\" data-element_type=\"widget\" data-widget_type=\"text-editor.default\">\n\t\t\t\t<div class=\"elementor-widget-container\">\n\t\t\t\t\t\t\t\t\t<p>Alles \u00fcber die Hauptfunktionen und die Anwendung<\/p>\t\t\t\t\t\t\t\t<\/div>\n\t\t\t\t<\/div>\n\t\t\t\t\t<\/div>\n\t\t\t\t<\/div>\n\t\t<div class=\"elementor-element elementor-element-de3f649 e-flex e-con-boxed e-con e-parent\" data-id=\"de3f649\" data-element_type=\"container\">\n\t\t\t\t\t<div class=\"e-con-inner\">\n\t\t<div class=\"elementor-element elementor-element-6c61be4 e-con-full e-flex e-con e-child\" data-id=\"6c61be4\" data-element_type=\"container\">\n\t\t\t\t<\/div>\n\t\t<div class=\"elementor-element elementor-element-5069b3c e-con-full e-flex e-con e-child\" data-id=\"5069b3c\" data-element_type=\"container\">\n\t\t\t\t<div class=\"elementor-element elementor-element-225f557 elementor-widget elementor-widget-image\" data-id=\"225f557\" data-element_type=\"widget\" data-widget_type=\"image.default\">\n\t\t\t\t<div class=\"elementor-widget-container\">\n\t\t\t\t\t\t\t\t\t\t\t\t\t\t\t\t<a href=\"https:\/\/titecon.de\/sap-analytics-cloud-data-analyzer\/\" target=\"_blank\" rel=\"noopener\">\n\t\t\t\t\t\t\t<img fetchpriority=\"high\" decoding=\"async\" width=\"722\" height=\"1024\" src=\"https:\/\/sac-data-analyzer.de\/wp-content\/uploads\/2024\/04\/SAC-Data-Analyzer-min-722x1024.png\" class=\"attachment-large size-large wp-image-44\" alt=\"SAC Data Analyzer\" srcset=\"https:\/\/sac-data-analyzer.de\/wp-content\/uploads\/2024\/04\/SAC-Data-Analyzer-min-722x1024.png 722w, https:\/\/sac-data-analyzer.de\/wp-content\/uploads\/2024\/04\/SAC-Data-Analyzer-min-211x300.png 211w, https:\/\/sac-data-analyzer.de\/wp-content\/uploads\/2024\/04\/SAC-Data-Analyzer-min.png 726w\" sizes=\"(max-width: 722px) 100vw, 722px\" \/>\t\t\t\t\t\t\t\t<\/a>\n\t\t\t\t\t\t\t\t\t\t\t\t\t\t\t<\/div>\n\t\t\t\t<\/div>\n\t\t\t\t<\/div>\n\t\t<div class=\"elementor-element elementor-element-0f975a6 e-con-full e-flex e-con e-child\" data-id=\"0f975a6\" data-element_type=\"container\">\n\t\t\t\t<\/div>\n\t\t\t\t\t<\/div>\n\t\t\t\t<\/div>\n\t\t<div class=\"elementor-element elementor-element-50f5072 e-grid e-con-boxed e-con e-parent\" data-id=\"50f5072\" data-element_type=\"container\">\n\t\t\t\t\t<div class=\"e-con-inner\">\n\t\t\t\t\t<\/div>\n\t\t\t\t<\/div>\n\t\t\t\t<\/div>\n\t\t","protected":false},"excerpt":{"rendered":"<p>Nach der Ver\u00f6ffentlichung der SAP Cloud for Planning im Jahr 2015, gab es zahlreiche Ver\u00e4nderungen von weniger bedeutenden Umbenennungen zu der jetzigen Bezeichnung SAP Analytics Cloud bis zur Einf\u00fchrung von neuen Funktionen.Die bisher gr\u00f6\u00dften \u00c4nderungen waren die Einf\u00fchrung des &#8222;Optimized Experience&#8220; 2022 und der &#8222;Unified Story&#8220; 2023. 2024 wird ein weiteres Jahr mit Einf\u00fchrungen von bedeutenden Ver\u00e4nderungen sein. Neuerungen gibt es dabei in den folgenden Bereichen der Story, dem Data Analyzer, Datenmodellierungen, Planung und Excel &#038; PowerPoint Add-Ins. Alle \u00c4nderungen haben wir in diesem Blogbeitrag zusammengefasst.<\/p>\n","protected":false},"author":2,"featured_media":0,"parent":0,"menu_order":0,"comment_status":"closed","ping_status":"closed","template":"","meta":{"footnotes":""},"class_list":{"1":"page"},"_links":{"self":[{"href":"https:\/\/sac-data-analyzer.de\/index.php?rest_route=\/wp\/v2\/pages\/39","targetHints":{"allow":["GET"]}}],"collection":[{"href":"https:\/\/sac-data-analyzer.de\/index.php?rest_route=\/wp\/v2\/pages"}],"about":[{"href":"https:\/\/sac-data-analyzer.de\/index.php?rest_route=\/wp\/v2\/types\/page"}],"author":[{"embeddable":true,"href":"https:\/\/sac-data-analyzer.de\/index.php?rest_route=\/wp\/v2\/users\/2"}],"replies":[{"embeddable":true,"href":"https:\/\/sac-data-analyzer.de\/index.php?rest_route=%2Fwp%2Fv2%2Fcomments&post=39"}],"version-history":[{"count":19,"href":"https:\/\/sac-data-analyzer.de\/index.php?rest_route=\/wp\/v2\/pages\/39\/revisions"}],"predecessor-version":[{"id":65,"href":"https:\/\/sac-data-analyzer.de\/index.php?rest_route=\/wp\/v2\/pages\/39\/revisions\/65"}],"wp:attachment":[{"href":"https:\/\/sac-data-analyzer.de\/index.php?rest_route=%2Fwp%2Fv2%2Fmedia&parent=39"}],"curies":[{"name":"wp","href":"https:\/\/api.w.org\/{rel}","templated":true}]}}